{"id":5,"date":"2016-06-10T10:40:11","date_gmt":"2016-06-10T10:40:11","guid":{"rendered":"http:\/\/www.dusnic.es\/blog\/?page_id=5"},"modified":"2016-06-10T10:41:22","modified_gmt":"2016-06-10T10:41:22","slug":"politica-de-privacidad","status":"publish","type":"page","link":"https:\/\/www.dusnic.es\/blog\/politica-de-privacidad\/","title":{"rendered":"Pol\u00edtica de privacidad"},"content":{"rendered":"<p>De conformidad con lo dispuesto en las Condiciones Generales de Acceso y Uso de la Pagina Web de Dusnic S.L., queremos que conozcas, mediante esta p\u00e1gina, cu\u00e1les son los criterios y reglas que seguimos respecto a la utilizaci\u00f3n de los datos que t\u00fa libre y voluntariamente nos facilites a trav\u00e9s de nuestra pagina web. Nuestros criterios y reglas, es decir nuestra pol\u00edtica de protecci\u00f3n de datos, pueden variar con el tiempo debido a posibles cambios legislativos o de los criterios seguidos por la Agencia de Protecci\u00f3n de Datos, a la cual te podr\u00e1s dirigir, en caso que consideres que podamos haber incumplido algo de lo que en est\u00e1 pagina te contamos. Si se produjese alg\u00fan cambio te mantendremos informado a trav\u00e9s de esta p\u00e1gina.<\/p>\n<p>Dusnic S.L. informa a sus Usuarios que a lo largo del website existen distintas herramientas de recogida de datos (formularios, casillas de suscripci\u00f3n, &#8230;) utilizadas por el usuario para solicitar informaci\u00f3n, realizar consultas, solicitar su suscripci\u00f3n en Dusnic S.L. o para el registro como Usuario para acceder a determinados servicios.<\/p>\n<p>La cumplimentaci\u00f3n de estos formularios o herramientas de recogida de datos y previo consentimiento por parte del usuario implicar\u00e1n la inclusi\u00f3n de sus datos en nuestro fichero, inform\u00e1ndole a este respecto que:<\/p>\n<p><b><i>Veracidad de los datos.<\/i><\/b><br \/>\nPor la cumplimentaci\u00f3n de estos formularios o herramientas similares, el USUARIO reconoce que los datos suministrados son veraces y ciertos, comprometi\u00e9ndose a notificar a Dusnic S.L., cualquier cambio o modificaci\u00f3n que se produzca en los mismos.<\/p>\n<p><b><i>Existencia de un fichero y ubicaci\u00f3n.<\/i><\/b><br \/>\nDusnic S.L. informa al USUARIO que los datos personales recogidos en estos formularios ser\u00e1n facilitados a Dusnic S.L. directamente por el usuario, o si estos interviniesen, por su comercial, por su agente o distribuidor de valor a\u00f1adido, para su introducci\u00f3n en un fichero creado y mantenido bajo la responsabilidad de Dusnic S.L., cuya ubicaci\u00f3n se localiza en Servidor Central de la empresa DUSNIC S.L., nuestro proveedor de Servicios web y alojamiento bases de datos..<\/p>\n<p>Dicho fichero o base de datos est\u00e1 plenamente identificado e inscrito en la Agencia de Protecci\u00f3n de Datos, garantiz\u00e1ndose en todo momento que los datos solicitados son adecuados, pertinentes y no excesivos para el uso para el que han sido recabados.<\/p>\n<p>Los campos que componen los formularios de inscripci\u00f3n, informaci\u00f3n, alta o suscripci\u00f3n, podr\u00e1n ser de car\u00e1cter obligatorio o facultativo, tanto para servicios libres como para los que se requiere la condici\u00f3n de usuario registrado. Dusnic S.L. no impone en ning\u00fan momento al Usuario la obligaci\u00f3n de rellenar determinados campos que no son relevantes, pero si solicita sean rellenados otros campos que son necesarios para su gesti\u00f3n, tratamiento y comprobaci\u00f3n as\u00ed como para el env\u00edo de la informaci\u00f3n solicitada. Igualmente se informa que de no rellenar los campos considerados como obligatorios, no se proceder\u00e1 a efectuar el servicio vinculado al formulario, pudiendo tratarse de una petici\u00f3n de informaci\u00f3n, un presupuesto, o un registro de usuario, no gozando en este \u00faltimo caso de la condici\u00f3n de Usuario Registrado.<\/p>\n<p>El USUARIO autoriza a Dusnic S.L., sus agentes, sus comerciales y sus distribuidores cuya intervenci\u00f3n sea necesaria para la prestaci\u00f3n del Servicio, a tratar sus datos de car\u00e1cter personal con car\u00e1cter confidencial y de conformidad con la Ley Org\u00e1nica 15\/1999 de 13 de diciembre, de Protecci\u00f3n de Datos de Car\u00e1cter Personal y con los fines recogidos a continuaci\u00f3n<\/p>\n<p><b><i>Finalidades de la recogida de datos.<\/i><\/b><br \/>\nDusnic S.L. declara que los datos personales recabados ser\u00e1n utilizados para remitir INFORMACI\u00d3N GENERAL de la compa\u00f1\u00eda, previo consentimiento, as\u00ed como identificar a los destinatarios de los servicios solicitados en el caso de usuarios registrados, y con el fin de tramitar y gestionar las labores t\u00e9cnicas y administrativas necesarias para suministrar el servicio solicitado y\/o contratado por dichos usuarios o clientes en su caso, y con la finalidad de reportar en todo momento al Usuario nuestra mejor atenci\u00f3n.<\/p>\n<p>Dusnic S.L. informa al USUARIO que los datos personales recabados podr\u00e1n ser utilizados para medir el inter\u00e9s del USUARIO en la calidad de los servicios suministrados, con el fin de mejorar y ajustar los mismos a las preferencias del CLIENTE. Asimismo sus datos personales podr\u00e1n ser tratados para desarrollar nuevos servicios y para remitirle informaci\u00f3n comercial sobre los productos y servicios ofrecidos por Dusnic S.L., siempre y cuando haya dado su conformidad para recibir este tipo de informaci\u00f3n. Dicha informaci\u00f3n comercial ser\u00e1 enviada a la direcci\u00f3n de correo electr\u00f3nico aportada por el USUARIO, identificando la comunicaci\u00f3n como informaci\u00f3n publicitaria de forma que el USUARIO pueda eliminar el mensaje publicitario desde el primer momento, todo ello sin perjuicio de su derecho a oponerse a recibir este tipo de comunicaciones. Sus datos personales podr\u00e1n ser tambi\u00e9n utilizados para el registro peri\u00f3dico de las altas y bajas de los servicios contratados, as\u00ed como para valorar la demanda de los servicios, la fidelizaci\u00f3n de los USUARIO y el efecto que promociones o comunicaciones comerciales concretas pueden tener sobre dicha demanda.<\/p>\n<p>Los datos ser\u00e1n tratados informatizadamente por personal cualificado de Dusnic S.L. y su acceso estar\u00e1 restringido a excepci\u00f3n de quienes en virtud de su cargo debieran acceder a dicha informaci\u00f3n.<\/p>\n<p>En caso de que el usuario realice una simple consulta y no de conformidad a recibir informaci\u00f3n futura, sus datos ser\u00e1n eliminados una vez resuelta la consulta efectuada.<\/p>\n<p>Igualmente Dusnic S.L. informa a los Usuarios Registrados en el WEB que para tener esta condici\u00f3n, Dusnic S.L. requiere siempre que se cumplimente un formulario donde deber\u00e1n introducirse determinados datos personales de los Usuarios, adem\u00e1s de un nombre de usuario y contrase\u00f1a que Dusnic S.L. registrar\u00e1 para identificarle en pr\u00f3ximos accesos.(ver Condiciones de Uso).<\/p>\n<p>Dichos datos personales ser\u00e1n introducidos en una Base de datos propiedad de Dusnic S.L. con la finalidad de verificar los accesos del usuario y prestar el servicio solicitado mediante autenticaci\u00f3n.<\/p>\n<p>A su vez estos datos podr\u00e1n ser utilizados para remitir informaci\u00f3n comercial, promociones o noticias de la compa\u00f1\u00eda siempre y cuando el usuario registrado as\u00ed lo haya solicitado. Si el usuario registrado no deseara recibir informaci\u00f3n futura de Dusnic S.L. tan solo deber\u00e1 indicarlo en el registro o despu\u00e9s de este en cualquier momento por cualquiera de los medios disponibles. Independientemente de que opte o no por recibir informaci\u00f3n futura de Dusnic S.L., sus datos deber\u00e1n permanecer en nuestra Base de datos para gozar de la condici\u00f3n de Usuario registrado y su acceso a las zonas que as\u00ed lo requieren.<\/p>\n<p><b><i>Medidas de seguridad y garant\u00edas<\/i><\/b><br \/>\nDusnic S.L. garantiza que sus datos personales ser\u00e1n tratados con m\u00e1xima confidencialidad y secreto, adoptando Dusnic S.L. al respecto las Medidas de Seguridad de nivel b\u00e1sico aplicables a los mismos para evitar su p\u00e9rdida, alteraci\u00f3n, tratamiento o acceso no autorizado por terceros.<\/p>\n<p>Asimismo Dusnic S.L. se compromete a aplicar las siguientes garant\u00edas:<br \/>\n1-a no ceder en ning\u00fan caso, a terceras personas, los datos recabados<br \/>\n2-a utilizar los datos personales \u00fanica y exclusivamente para las finalidades indicadas<br \/>\n3-a eliminar los datos personales del USUARIO en un plazo de cuatro a\u00f1os desde la conclusi\u00f3n del servicio, fecha en la que dichos datos se integrar\u00e1n en un archivo hist\u00f3rico de acceso restringido creado a efectos de controles estad\u00edsticos, administrativos, fiscales y\/o judiciales.<\/p>\n<p><b><i>Relaciones con terceros<\/i><\/b>.<br \/>\nDusnic S.L. le informa que el fichero USUARIOS donde est\u00e1n incluidos sus datos est\u00e1 alojado en Alaquas<\/p>\n<p>En los supuestos en los que Dusnic S.L. prevea ceder sus datos personales a terceros, obtendr\u00e1 previamente su consentimiento inequ\u00edvoco para efectuar dichas cesiones inform\u00e1ndole en los correspondientes formularios electr\u00f3nicos de inscripci\u00f3n o solicitud de la finalidad o finalidades a que se destinar\u00e1n los datos objeto de cesi\u00f3n, as\u00ed como de la identidad y tipo de actividad del cesionario. A los datos personales del CLIENTE podr\u00e1n tener acceso terceras compa\u00f1\u00edas o profesionales cuya intervenci\u00f3n sea necesaria para la prestaci\u00f3n del servicio (tales como servicios de gestiones administrativas, transmisi\u00f3n de datos, recogida de datos, almacenamiento de datos,&#8230;) y con las que Dusnic S.L. , a tal efecto y como responsable del fichero, suscribir\u00e1 un contrato de prestaci\u00f3n de servicios con la empresa en cuesti\u00f3n, que actuar\u00e1 como Encargado del Tratamiento de conformidad con la ley 15\/99 de 13 de diciembre sobre Protecci\u00f3n de Datos Personales. En dicho contrato, se recoger\u00e1n las instrucciones de Dusnic S.L. al Encargado del tratamiento para la utilizaci\u00f3n de los datos, el nivel y medidas de seguridad aplicables a los mismos y las garant\u00edas establecidas para el uso y eliminaci\u00f3n de los datos una vez terminado el servicio contratado. Los datos personales de los CLIENTES no son objeto de transferencia internacional alguna. En el supuesto de que Dusnic S.L., en un futuro, prevea realizar un movimiento internacional de datos, comunicar\u00e1 previamente dicha cesi\u00f3n a los afectados, una vez comprobada la no aplicaci\u00f3n de las prohibiciones recogidas en la Ley 15\/99 de 13 de diciembre sobre Protecci\u00f3n de Datos Personales.<\/p>\n<p><b><i>Ejercicio de derechos de acceso, rectificaci\u00f3n, cancelaci\u00f3n y oposici\u00f3n.<\/i><\/b><br \/>\nEl USUARIO podr\u00e1 solicitar en cualquier momento, el acceso al fichero de datos personales almacenado en Dusnic S.L. con el fin de obtener informaci\u00f3n sobre sus datos sometidos a tratamiento as\u00ed como sobre las comunicaciones realizadas a los mismos, en su caso, o para obtener la rectificaci\u00f3n, cancelaci\u00f3n, modificaci\u00f3n u oposici\u00f3n al tratamiento de sus datos personales, de conformidad con el procedimiento creado por Dusnic S.L. al efecto. Dichos derechos podr\u00e1n ejercitarse mediante notificaci\u00f3n escrita dirigida a Dusnic S.L., Pais Valenciano 16 &#8211; pta 5 \u2013 46970 Valencia \u2013 Espa\u00f1a o por correo electr\u00f3nico a la direcci\u00f3n info@dusnic.com<\/p>\n<p>En este caso ser\u00e1 necesario que el usuario haga llegar junto a la solictud efectuada una copia de su dni o cif, a fin de comprobar su identidad.<\/p>\n<p>Dispone siempre de la posibilidad de baja autom\u00e1tica en cualquier comunicado que se le efect\u00fae por e-mail.<\/p>\n<p>Y en prueba de conformidad y aceptaci\u00f3n del contenido de la presente Solicitud, el USUARIO pulsa sobre el bot\u00f3n enviar en manifestaci\u00f3n de su consentimiento al tratamiento de sus datos personales<\/p>\n","protected":false},"excerpt":{"rendered":"<p>De conformidad con lo dispuesto en las Condiciones Generales de Acceso y Uso de la Pagina Web de Dusnic S.L., queremos que conozcas, mediante esta p\u00e1gina, cu\u00e1les son los criterios y reglas que seguimos respecto a la utilizaci\u00f3n de los datos que t\u00fa libre y voluntariamente nos facilites a trav\u00e9s de nuestra pagina web. Nuestros &hellip; <a href=\"https:\/\/www.dusnic.es\/blog\/politica-de-privacidad\/\" class=\"more-link\">Continuar leyendo<span class=\"screen-reader-text\"> \u00abPol\u00edtica de privacidad\u00bb<\/span><\/a><\/p>\n","protected":false},"author":1,"featured_media":0,"parent":0,"menu_order":0,"comment_status":"closed","ping_status":"closed","template":"","meta":{"footnotes":""},"class_list":["post-5","page","type-page","status-publish","hentry"],"yoast_head":"<!-- This site is optimized with the Yoast SEO plugin v24.9 - https:\/\/yoast.com\/wordpress\/plugins\/seo\/ -->\n<title>Pol\u00edtica de privacidad - Dusnic Blog<\/title>\n<meta name=\"robots\" content=\"index, follow, max-snippet:-1, max-image-preview:large, max-video-preview:-1\" \/>\n<link rel=\"canonical\" href=\"https:\/\/www.dusnic.es\/blog\/politica-de-privacidad\/\" \/>\n<meta property=\"og:locale\" content=\"es_ES\" \/>\n<meta property=\"og:type\" content=\"article\" \/>\n<meta property=\"og:title\" content=\"Pol\u00edtica de privacidad - Dusnic Blog\" \/>\n<meta property=\"og:description\" content=\"De conformidad con lo dispuesto en las Condiciones Generales de Acceso y Uso de la Pagina Web de Dusnic S.L., queremos que conozcas, mediante esta p\u00e1gina, cu\u00e1les son los criterios y reglas que seguimos respecto a la utilizaci\u00f3n de los datos que t\u00fa libre y voluntariamente nos facilites a trav\u00e9s de nuestra pagina web. Nuestros &hellip; Continuar leyendo &quot;Pol\u00edtica de privacidad&quot;\" \/>\n<meta property=\"og:url\" content=\"https:\/\/www.dusnic.es\/blog\/politica-de-privacidad\/\" \/>\n<meta property=\"og:site_name\" content=\"Dusnic Blog\" \/>\n<meta property=\"article:modified_time\" content=\"2016-06-10T10:41:22+00:00\" \/>\n<meta name=\"twitter:card\" content=\"summary_large_image\" \/>\n<meta name=\"twitter:label1\" content=\"Tiempo de lectura\" \/>\n\t<meta name=\"twitter:data1\" content=\"9 minutos\" \/>\n<script type=\"application\/ld+json\" class=\"yoast-schema-graph\">{\"@context\":\"https:\/\/schema.org\",\"@graph\":[{\"@type\":\"WebPage\",\"@id\":\"https:\/\/www.dusnic.es\/blog\/politica-de-privacidad\/\",\"url\":\"https:\/\/www.dusnic.es\/blog\/politica-de-privacidad\/\",\"name\":\"Pol\u00edtica de privacidad - Dusnic Blog\",\"isPartOf\":{\"@id\":\"https:\/\/www.dusnic.es\/blog\/#website\"},\"datePublished\":\"2016-06-10T10:40:11+00:00\",\"dateModified\":\"2016-06-10T10:41:22+00:00\",\"breadcrumb\":{\"@id\":\"https:\/\/www.dusnic.es\/blog\/politica-de-privacidad\/#breadcrumb\"},\"inLanguage\":\"es\",\"potentialAction\":[{\"@type\":\"ReadAction\",\"target\":[\"https:\/\/www.dusnic.es\/blog\/politica-de-privacidad\/\"]}]},{\"@type\":\"BreadcrumbList\",\"@id\":\"https:\/\/www.dusnic.es\/blog\/politica-de-privacidad\/#breadcrumb\",\"itemListElement\":[{\"@type\":\"ListItem\",\"position\":1,\"name\":\"Portada\",\"item\":\"https:\/\/www.dusnic.es\/blog\/\"},{\"@type\":\"ListItem\",\"position\":2,\"name\":\"Pol\u00edtica de privacidad\"}]},{\"@type\":\"WebSite\",\"@id\":\"https:\/\/www.dusnic.es\/blog\/#website\",\"url\":\"https:\/\/www.dusnic.es\/blog\/\",\"name\":\"Dusnic Blog\",\"description\":\"Blog de marketing digital, dise\u00f1o web, redes sociales y mucho m\u00e1s. Descubre novedades con el blog de Dusnic\",\"publisher\":{\"@id\":\"https:\/\/www.dusnic.es\/blog\/#organization\"},\"potentialAction\":[{\"@type\":\"SearchAction\",\"target\":{\"@type\":\"EntryPoint\",\"urlTemplate\":\"https:\/\/www.dusnic.es\/blog\/?s={search_term_string}\"},\"query-input\":{\"@type\":\"PropertyValueSpecification\",\"valueRequired\":true,\"valueName\":\"search_term_string\"}}],\"inLanguage\":\"es\"},{\"@type\":\"Organization\",\"@id\":\"https:\/\/www.dusnic.es\/blog\/#organization\",\"name\":\"Dusnic Blog\",\"url\":\"https:\/\/www.dusnic.es\/blog\/\",\"logo\":{\"@type\":\"ImageObject\",\"inLanguage\":\"es\",\"@id\":\"https:\/\/www.dusnic.es\/blog\/#\/schema\/logo\/image\/\",\"url\":\"https:\/\/www.dusnic.es\/blog\/wp-content\/uploads\/2016\/06\/dusnic-logo.jpg\",\"contentUrl\":\"https:\/\/www.dusnic.es\/blog\/wp-content\/uploads\/2016\/06\/dusnic-logo.jpg\",\"width\":201,\"height\":60,\"caption\":\"Dusnic Blog\"},\"image\":{\"@id\":\"https:\/\/www.dusnic.es\/blog\/#\/schema\/logo\/image\/\"}}]}<\/script>\n<!-- \/ Yoast SEO plugin. -->","yoast_head_json":{"title":"Pol\u00edtica de privacidad - Dusnic Blog","robots":{"index":"index","follow":"follow","max-snippet":"max-snippet:-1","max-image-preview":"max-image-preview:large","max-video-preview":"max-video-preview:-1"},"canonical":"https:\/\/www.dusnic.es\/blog\/politica-de-privacidad\/","og_locale":"es_ES","og_type":"article","og_title":"Pol\u00edtica de privacidad - Dusnic Blog","og_description":"De conformidad con lo dispuesto en las Condiciones Generales de Acceso y Uso de la Pagina Web de Dusnic S.L., queremos que conozcas, mediante esta p\u00e1gina, cu\u00e1les son los criterios y reglas que seguimos respecto a la utilizaci\u00f3n de los datos que t\u00fa libre y voluntariamente nos facilites a trav\u00e9s de nuestra pagina web. Nuestros &hellip; Continuar leyendo \"Pol\u00edtica de privacidad\"","og_url":"https:\/\/www.dusnic.es\/blog\/politica-de-privacidad\/","og_site_name":"Dusnic Blog","article_modified_time":"2016-06-10T10:41:22+00:00","twitter_card":"summary_large_image","twitter_misc":{"Tiempo de lectura":"9 minutos"},"schema":{"@context":"https:\/\/schema.org","@graph":[{"@type":"WebPage","@id":"https:\/\/www.dusnic.es\/blog\/politica-de-privacidad\/","url":"https:\/\/www.dusnic.es\/blog\/politica-de-privacidad\/","name":"Pol\u00edtica de privacidad - Dusnic Blog","isPartOf":{"@id":"https:\/\/www.dusnic.es\/blog\/#website"},"datePublished":"2016-06-10T10:40:11+00:00","dateModified":"2016-06-10T10:41:22+00:00","breadcrumb":{"@id":"https:\/\/www.dusnic.es\/blog\/politica-de-privacidad\/#breadcrumb"},"inLanguage":"es","potentialAction":[{"@type":"ReadAction","target":["https:\/\/www.dusnic.es\/blog\/politica-de-privacidad\/"]}]},{"@type":"BreadcrumbList","@id":"https:\/\/www.dusnic.es\/blog\/politica-de-privacidad\/#breadcrumb","itemListElement":[{"@type":"ListItem","position":1,"name":"Portada","item":"https:\/\/www.dusnic.es\/blog\/"},{"@type":"ListItem","position":2,"name":"Pol\u00edtica de privacidad"}]},{"@type":"WebSite","@id":"https:\/\/www.dusnic.es\/blog\/#website","url":"https:\/\/www.dusnic.es\/blog\/","name":"Dusnic Blog","description":"Blog de marketing digital, dise\u00f1o web, redes sociales y mucho m\u00e1s. Descubre novedades con el blog de Dusnic","publisher":{"@id":"https:\/\/www.dusnic.es\/blog\/#organization"},"potentialAction":[{"@type":"SearchAction","target":{"@type":"EntryPoint","urlTemplate":"https:\/\/www.dusnic.es\/blog\/?s={search_term_string}"},"query-input":{"@type":"PropertyValueSpecification","valueRequired":true,"valueName":"search_term_string"}}],"inLanguage":"es"},{"@type":"Organization","@id":"https:\/\/www.dusnic.es\/blog\/#organization","name":"Dusnic Blog","url":"https:\/\/www.dusnic.es\/blog\/","logo":{"@type":"ImageObject","inLanguage":"es","@id":"https:\/\/www.dusnic.es\/blog\/#\/schema\/logo\/image\/","url":"https:\/\/www.dusnic.es\/blog\/wp-content\/uploads\/2016\/06\/dusnic-logo.jpg","contentUrl":"https:\/\/www.dusnic.es\/blog\/wp-content\/uploads\/2016\/06\/dusnic-logo.jpg","width":201,"height":60,"caption":"Dusnic Blog"},"image":{"@id":"https:\/\/www.dusnic.es\/blog\/#\/schema\/logo\/image\/"}}]}},"_links":{"self":[{"href":"https:\/\/www.dusnic.es\/blog\/wp-json\/wp\/v2\/pages\/5","targetHints":{"allow":["GET"]}}],"collection":[{"href":"https:\/\/www.dusnic.es\/blog\/wp-json\/wp\/v2\/pages"}],"about":[{"href":"https:\/\/www.dusnic.es\/blog\/wp-json\/wp\/v2\/types\/page"}],"author":[{"embeddable":true,"href":"https:\/\/www.dusnic.es\/blog\/wp-json\/wp\/v2\/users\/1"}],"replies":[{"embeddable":true,"href":"https:\/\/www.dusnic.es\/blog\/wp-json\/wp\/v2\/comments?post=5"}],"version-history":[{"count":1,"href":"https:\/\/www.dusnic.es\/blog\/wp-json\/wp\/v2\/pages\/5\/revisions"}],"predecessor-version":[{"id":6,"href":"https:\/\/www.dusnic.es\/blog\/wp-json\/wp\/v2\/pages\/5\/revisions\/6"}],"wp:attachment":[{"href":"https:\/\/www.dusnic.es\/blog\/wp-json\/wp\/v2\/media?parent=5"}],"curies":[{"name":"wp","href":"https:\/\/api.w.org\/{rel}","templated":true}]}}